{"id":764,"date":"2017-02-09T21:47:30","date_gmt":"2017-02-09T19:47:30","guid":{"rendered":"http:\/\/www.sportovkovo.sk\/kurzy-korculovania\/?page_id=764"},"modified":"2026-03-20T12:55:39","modified_gmt":"2026-03-20T10:55:39","slug":"kurzy-korculovania-verejnost-prihlaska","status":"publish","type":"page","link":"https:\/\/www.sportovkovo.sk\/kurzy-korculovania\/kurzy-korculovania-verejnost-prihlaska\/","title":{"rendered":"Kurzy Kor\u010du\u013eovania"},"content":{"rendered":"<p>[et_pb_section fb_built=&#8221;1&#8243; disabled_on=&#8221;on|on|on&#8221; _builder_version=&#8221;4.4.1&#8243; custom_padding=&#8221;||2px|||&#8221; disabled=&#8221;on&#8221;][et_pb_row disabled_on=&#8221;off|off|off&#8221; _builder_version=&#8221;4.4.1&#8243; background_size=&#8221;initial&#8221; background_position=&#8221;top_left&#8221; background_repeat=&#8221;repeat&#8221;][et_pb_column type=&#8221;4_4&#8243; _builder_version=&#8221;3.25&#8243; custom_padding=&#8221;|||&#8221; custom_padding__hover=&#8221;|||&#8221;][et_pb_text disabled_on=&#8221;on|on|on&#8221; _builder_version=&#8221;4.4.1&#8243; disabled=&#8221;on&#8221;]<\/p>\n<p style=\"text-align: center;\">Ahojte!<\/p>\n<p style=\"text-align: center;\">Sme radi, \u017ee ste prejavili z\u00e1ujem o na\u0161e kurzy kor\u010du\u013eovania na \u013eade. Moment\u00e1lne e\u0161te nem\u00e1me zverejnen\u00fd \u017eiadny kurz av\u0161ak ak chcete by\u0165 v\u010das informovan\u00fd a prihl\u00e1si\u0165 sa v\u010das na na\u0161e kurzy, po\u0161lite n\u00e1m email na <a href=\"mailto:info@sportovkovo.sk\">info@sportovkovo.sk<\/a>\u00a0a prid\u00e1me V\u00e1s do mailing listu alebo n\u00e1s sledujte na Facebooku na\u00a0<a href=\"https:\/\/www.facebook.com\/sportovkovo\">https:\/\/www.facebook.com\/sportovkovo<\/a><\/p>\n<p style=\"text-align: center;\">Te\u0161\u00edme sa na V\u00e1s!<\/p>\n<p style=\"text-align: center;\">\n<p>[\/et_pb_text][\/et_pb_column][\/et_pb_row][et_pb_row disabled_on=&#8221;off|off|off&#8221; _builder_version=&#8221;4.4.1&#8243; background_size=&#8221;initial&#8221; background_position=&#8221;top_left&#8221; background_repeat=&#8221;repeat&#8221;][et_pb_column type=&#8221;4_4&#8243; _builder_version=&#8221;3.25&#8243; custom_padding=&#8221;|||&#8221; custom_padding__hover=&#8221;|||&#8221;][et_pb_text disabled_on=&#8221;on|on|on&#8221; _builder_version=&#8221;4.4.1&#8243; disabled=&#8221;on&#8221;]<\/p>\n<p style=\"text-align: center;\">Ahojte!<\/p>\n<p style=\"text-align: center;\">Sme radi, \u017ee ste prejavili z\u00e1ujem o na\u0161e kurzy kor\u010du\u013eovania v D\u00fabravke. Kurzy s\u00fa ur\u010den\u00e9 pre deti aj dospel\u00fdch a cie\u013eom je zdokonalenie Va\u0161\u00edch kor\u010duliarskych schopnost\u00ed. Tr\u00e9ningy prebiehaj\u00fa v mal\u00fdch skupin\u00e1ch po\u010f veden\u00edm na\u0161\u00edch tr\u00e9nerov, najm\u00e4 hokejstov a to samozrejme najm\u00e4 z\u00e1bavnou formou a mil\u00fdm pr\u00edstupom, aby sme si \u010do najviac v\u0161etci spr\u00edjemnili v\u00edkend \ud83d\ude09<\/p>\n<p style=\"text-align: center;\"><span style=\"font-size: 14px;\">Te\u0161\u00edme sa na V\u00e1s!<\/span><\/p>\n<p>[\/et_pb_text][\/et_pb_column][\/et_pb_row][\/et_pb_section][et_pb_section fb_built=&#8221;1&#8243; _builder_version=&#8221;3.22&#8243; custom_padding=&#8221;||2px|||&#8221;][et_pb_row disabled_on=&#8221;off|off|off&#8221; _builder_version=&#8221;4.4.1&#8243; background_size=&#8221;initial&#8221; background_position=&#8221;top_left&#8221; background_repeat=&#8221;repeat&#8221;][et_pb_column type=&#8221;4_4&#8243; _builder_version=&#8221;3.25&#8243; custom_padding=&#8221;|||&#8221; custom_padding__hover=&#8221;|||&#8221;][et_pb_text disabled_on=&#8221;off|off|off&#8221; _builder_version=&#8221;4.4.1&#8243;]<\/p>\n<p style=\"text-align: center;\">1-d\u0148ov\u00e9\/v\u00edkendov\u00e9 intenz\u00edvne kurzy bud\u00fa b\u00fdva\u0165 nepravidelne (kv\u00f4li ml\u00e1de\u017en\u00edckym z\u00e1pasom) nedele v D\u00fabravke. Kurz bude ma\u0165 2x45min s 15 min\u00fatovou prest\u00e1vkou resp. 75 min\u00fat s 5 min. prest\u00e1vkou, kde V\u00e1s pon\u00fakneme \u010daj\u00edkom a keks\u00edkom na posilnenie :). S t\u00fdmto form\u00e1tom m\u00e1me aj u men\u0161ich det\u00ed ve\u013emi dobre sk\u00fasenosti a ur\u010dite V\u00e1s nau\u010d\u00edme kopu nov\u00fdch vec\u00ed na \u013eade. Informova\u0165 o zverejnen\u00fdch kurzoch budeme mailom a budeme aktualizova\u0165 aj na\u0161u prihlasovaciu str\u00e1nku. Te\u0161\u00edme sa na V\u00e1s \ud83d\ude09<\/p>\n<p>[\/et_pb_text][\/et_pb_column][\/et_pb_row][\/et_pb_section][et_pb_section fb_built=&#8221;1&#8243; disabled_on=&#8221;off|off|off&#8221; admin_label=&#8221;section&#8221; _builder_version=&#8221;3.22&#8243; background_color=&#8221;#ffffff&#8221;][et_pb_row column_structure=&#8221;1_2,1_2&#8243; disabled_on=&#8221;off|off|off&#8221; admin_label=&#8221;row&#8221; _builder_version=&#8221;4.4.1&#8243; background_size=&#8221;initial&#8221; background_position=&#8221;top_left&#8221; background_repeat=&#8221;repeat&#8221;][et_pb_column type=&#8221;1_2&#8243; _builder_version=&#8221;3.25&#8243; custom_padding=&#8221;|||&#8221; custom_padding__hover=&#8221;|||&#8221;][et_pb_accordion disabled_on=&#8221;off|off|off&#8221; _builder_version=&#8221;4.4.1&#8243; use_border_color=&#8221;off&#8221; border_color=&#8221;#ffffff&#8221; border_style=&#8221;solid&#8221;][et_pb_accordion_item title=&#8221;Kurzy kor\u010du\u013eovania pre verejnos\u0165 na Harmincovej ulici 2026&#8243; open=&#8221;on&#8221; _builder_version=&#8221;4.4.1&#8243;]<\/p>\n<p><strong style=\"font-size: 14px;\">Intenz\u00edvne kurzy (1-r\u00e1zov\u00e9)<\/strong><\/p>\n<ul>\n<li><span>14.3. (sobota) 13:45-14:30 + 14:45-15:30 &#8211;\u00a020\u20ac<\/span><\/li>\n<li><span>22.3. (nede\u013ea) 15:00-15:45 + 16:00-16:45 &#8211;\u00a020\u20ac<\/span><span><\/span><\/li>\n<li><span>29.3. (nede\u013ea) 13:00-13:45 + 14:00-14:45 &#8211;\u00a020\u20ac<\/span><\/li>\n<\/ul>\n<p>Cena za kurz 20\u20ac (2x45min) \/ 15\u20ac (60min)<\/p>\n<p>V cene aj tepl\u00fd \u010daj\u00edk a sladk\u00e9 ob\u010derstvenie<\/p>\n<p><span style=\"font-size: 14px;\">Pre dospel\u00fdch aj deti (nad 5 rokov).<\/span><\/p>\n<p>Rodinn\u00e1 z\u013eava (z celkovej ceny 5\u20ac-2 osoby, 10\u20ac-3 osoby, 15\u20ac-4 osoby)<\/p>\n<p>&nbsp;<\/p>\n<p>[\/et_pb_accordion_item][\/et_pb_accordion][et_pb_accordion disabled_on=&#8221;on|on|on&#8221; _builder_version=&#8221;4.4.1&#8243; use_border_color=&#8221;off&#8221; border_color=&#8221;#ffffff&#8221; border_style=&#8221;solid&#8221; disabled=&#8221;on&#8221;][et_pb_accordion_item title=&#8221;4x Sobota 4.10. &#8211; 25.10.2025 Zimn\u00fd \u0160tadi\u00f3n na Harmincovej ul. v D\u00fabravke&#8221; open=&#8221;on&#8221; _builder_version=&#8221;3.0.47&#8243;]<\/p>\n<p>Kurz I: 16:30 &#8211; 17:30 (sobota od 4.10 &#8211; 4x)<\/p>\n<p><span style=\"font-size: 14px;\">Cena za kurz: 55\u20ac (s\u00farodenci, rodina\u00a0<span>50\u20ac)<\/span><\/span><\/p>\n<p>Cena za hodinu: 15\u20ac<\/p>\n<p><span style=\"font-size: 14px;\">Pre dospel\u00fdch aj deti (<strong>od 5 rokov<\/strong>)<\/span><\/p>\n<p>Vstupy s\u00fa prenosn\u00e9 v r\u00e1mci kurzu a v pr\u00edpade ak by ste nemohli, m\u00f4\u017eete posla\u0165\u00a0 n\u00e1hradn\u00edka alebo po dohode zosta\u0165 aj na druh\u00fd kurz. V cene aj ob\u010derstvenie (\u010daj\u00edk, keks\u00edk)<\/p>\n<p>&nbsp;<\/p>\n<p>[\/et_pb_accordion_item][\/et_pb_accordion][\/et_pb_column][et_pb_column type=&#8221;1_2&#8243; _builder_version=&#8221;3.25&#8243; custom_padding=&#8221;|||&#8221; custom_padding__hover=&#8221;|||&#8221;][et_pb_code disabled_on=&#8221;off|off|off&#8221; admin_label=&#8221;K\u00f3d&#8221; _builder_version=&#8221;4.4.1&#8243;]<div role=\"form\" class=\"wpcf7\" id=\"wpcf7-f1425-o1\" lang=\"sk-SK\" dir=\"ltr\">\n<div class=\"screen-reader-response\"><p role=\"status\" aria-live=\"polite\" aria-atomic=\"true\"><\/p> <ul><\/ul><\/div>\n<form action=\"\/kurzy-korculovania\/wp-json\/wp\/v2\/pages\/764#wpcf7-f1425-o1\" method=\"post\" class=\"wpcf7-form init\" novalidate=\"novalidate\" data-status=\"init\">\n<div style=\"display: none;\">\n<input type=\"hidden\" name=\"_wpcf7\" value=\"1425\" \/>\n<input type=\"hidden\" name=\"_wpcf7_version\" value=\"5.5.6\" \/>\n<input type=\"hidden\" name=\"_wpcf7_locale\" value=\"sk_SK\" \/>\n<input type=\"hidden\" name=\"_wpcf7_unit_tag\" value=\"wpcf7-f1425-o1\" \/>\n<input type=\"hidden\" name=\"_wpcf7_container_post\" value=\"0\" \/>\n<input type=\"hidden\" name=\"_wpcf7_posted_data_hash\" value=\"\" \/>\n<\/div>\n<p><label> Meno \u00fa\u010dastn\u00edka (povinn\u00e9)<br \/>\n    <span class=\"wpcf7-form-control-wrap your-name\"><input type=\"text\" name=\"your-name\" value=\"\" size=\"40\" class=\"wpcf7-form-control wpcf7-text wpcf7-validates-as-required\" aria-required=\"true\" aria-invalid=\"false\" \/><\/span> <\/label><\/p>\n<p><label> V\u00e1\u0161 email (povinn\u00e9)<br \/>\n    <span class=\"wpcf7-form-control-wrap your-email\"><input type=\"email\" name=\"your-email\" value=\"\" size=\"40\" class=\"wpcf7-form-control wpcf7-text wpcf7-email wpcf7-validates-as-required wpcf7-validates-as-email\" aria-required=\"true\" aria-invalid=\"false\" \/><\/span> <\/label><\/p>\n<p>Va\u0161e telef\u00f3nne \u010d\u00edslo:<br \/>\n<span class=\"wpcf7-form-control-wrap tel-961\"><input type=\"tel\" name=\"tel-961\" value=\"\" size=\"40\" class=\"wpcf7-form-control wpcf7-text wpcf7-tel wpcf7-validates-as-tel\" aria-invalid=\"false\" \/><\/span><\/p>\n<p>Po\u017eadovan\u00e1 skupina:<br \/>\n <span class=\"wpcf7-form-control-wrap skupina\"><select name=\"skupina\" class=\"wpcf7-form-control wpcf7-select wpcf7-validates-as-required\" aria-required=\"true\" aria-invalid=\"false\"><option value=\"Deti - \u00fapln\u00fd za\u010diato\u010dn\u00edk do 6 rokov\">Deti - \u00fapln\u00fd za\u010diato\u010dn\u00edk do 6 rokov<\/option><option value=\"Deti - ostatn\u00e9\">Deti - ostatn\u00e9<\/option><option value=\"Dospel\u00fd - za\u010diato\u010dn\u00edk\">Dospel\u00fd - za\u010diato\u010dn\u00edk<\/option><option value=\"Dospel\u00fd - pokro\u010dil\u00fd\/mierne pokro\u010dil\u00fd\">Dospel\u00fd - pokro\u010dil\u00fd\/mierne pokro\u010dil\u00fd<\/option><\/select><\/span> <\/p>\n<p>D\u00e1tum narodenia (dd.mm.rrrr):<br \/>\n <span class=\"wpcf7-form-control-wrap your-date\"><input type=\"text\" name=\"your-date\" value=\"\" size=\"40\" class=\"wpcf7-form-control wpcf7-text wpcf7-validates-as-required\" aria-required=\"true\" aria-invalid=\"false\" \/><\/span> <\/p>\n<p>Kurz (vstupy s\u00fa prenosn\u00e9 aj na in\u00fa osobu)<br \/>\n<span class=\"wpcf7-form-control-wrap kurz\"><select name=\"kurz\" class=\"wpcf7-form-control wpcf7-select wpcf7-validates-as-required\" aria-required=\"true\" aria-invalid=\"false\"><option value=\"22.3. (nede\u013ea) 15:00-15:45 + 16:00-16:45\">22.3. (nede\u013ea) 15:00-15:45 + 16:00-16:45<\/option><option value=\"29.3. (nede\u013ea) 13:00-13:45 + 14:00-14:45\">29.3. (nede\u013ea) 13:00-13:45 + 14:00-14:45<\/option><\/select><\/span><\/p>\n<p>Po\u017ei\u010danie nabr\u00fasen\u00fdch kor\u010d\u00fa\u013e (detsk\u00e9 ve\u013ek. 29-38 - 3\u20ac)<br \/>\n<span class=\"wpcf7-form-control-wrap Korcule\"><span class=\"wpcf7-form-control wpcf7-checkbox\"><span class=\"wpcf7-list-item first last\"><input type=\"checkbox\" name=\"Korcule[]\" value=\"\u00c1no (do pozn\u00e1mky ve\u013ekos\u0165)\" \/><span class=\"wpcf7-list-item-label\">\u00c1no (do pozn\u00e1mky ve\u013ekos\u0165)<\/span><\/span><\/span><\/span><\/p>\n<p>Po\u017ei\u010danie prilby (2\u20ac)<br \/>\n<span class=\"wpcf7-form-control-wrap Prilba\"><span class=\"wpcf7-form-control wpcf7-checkbox\"><span class=\"wpcf7-list-item first last\"><input type=\"checkbox\" name=\"Prilba[]\" value=\"\u00c1no\" \/><span class=\"wpcf7-list-item-label\">\u00c1no<\/span><\/span><\/span><\/span><\/p>\n<p><label> Pozn\u00e1mky<br \/>\n    <span class=\"wpcf7-form-control-wrap your-message\"><textarea name=\"your-message\" cols=\"40\" rows=\"10\" class=\"wpcf7-form-control wpcf7-textarea\" aria-invalid=\"false\"><\/textarea><\/span> <\/label><\/p>\n<p>Odkia\u013e ste sa o n\u00e1s dozvedeli<br \/>\n<span class=\"wpcf7-form-control-wrap menu-692\"><select name=\"menu-692\" class=\"wpcf7-form-control wpcf7-select\" aria-invalid=\"false\"><option value=\"-\">-<\/option><option value=\"U\u017e ste u n\u00e1s boli\">U\u017e ste u n\u00e1s boli<\/option><option value=\"Facebook\">Facebook<\/option><option value=\"Google vyh\u013ead\u00e1vanie\">Google vyh\u013ead\u00e1vanie<\/option><option value=\"Let\u00e1k\">Let\u00e1k<\/option><option value=\"\u0160kola\">\u0160kola<\/option><option value=\"Od zn\u00e1mych\">Od zn\u00e1mych<\/option><option value=\"Email\">Email<\/option><option value=\"In\u00e9\">In\u00e9<\/option><\/select><\/span><\/p>\n<p>S\u00fahlas\u00edm so <a href=\"http:\/\/sportovkovo.sk\/obchodne-podmienky\" target=\"_blank\">V\u0161eobecn\u00fdmi podmienkami<\/a> a <a href=\"http:\/\/www.sportovkovo.sk\/ochrana-osobnych-udajov\/\" target=\"_blank\">spracovan\u00edm osobn\u00fdch \u00fadajov<\/a> pod\u013ea eur\u00f3pskej smernice \u010d. 2016\/679:<br \/>\n<span class=\"wpcf7-form-control-wrap checkbox-210\"><span class=\"wpcf7-form-control wpcf7-checkbox wpcf7-validates-as-required\"><span class=\"wpcf7-list-item first last\"><input type=\"checkbox\" name=\"checkbox-210[]\" value=\"\u00e1no\" \/><span class=\"wpcf7-list-item-label\">\u00e1no<\/span><\/span><\/span><\/span><\/p>\n<p><input type=\"submit\" value=\"Odo\u0161li\" class=\"wpcf7-form-control has-spinner wpcf7-submit\" \/><\/p>\n<div class=\"wpcf7-response-output\" aria-hidden=\"true\"><\/div><\/form><\/div>[\/et_pb_code][et_pb_code disabled_on=&#8221;on|on|on&#8221; admin_label=&#8221;K\u00f3d&#8221; _builder_version=&#8221;4.4.1&#8243; disabled=&#8221;on&#8221;]<div role=\"form\" class=\"wpcf7\" id=\"wpcf7-f771-o2\" lang=\"sk-SK\" dir=\"ltr\">\n<div class=\"screen-reader-response\"><p role=\"status\" aria-live=\"polite\" aria-atomic=\"true\"><\/p> <ul><\/ul><\/div>\n<form action=\"\/kurzy-korculovania\/wp-json\/wp\/v2\/pages\/764#wpcf7-f771-o2\" method=\"post\" class=\"wpcf7-form init\" novalidate=\"novalidate\" data-status=\"init\">\n<div style=\"display: none;\">\n<input type=\"hidden\" name=\"_wpcf7\" value=\"771\" \/>\n<input type=\"hidden\" name=\"_wpcf7_version\" value=\"5.5.6\" \/>\n<input type=\"hidden\" name=\"_wpcf7_locale\" value=\"sk_SK\" \/>\n<input type=\"hidden\" name=\"_wpcf7_unit_tag\" value=\"wpcf7-f771-o2\" \/>\n<input type=\"hidden\" name=\"_wpcf7_container_post\" value=\"0\" \/>\n<input type=\"hidden\" name=\"_wpcf7_posted_data_hash\" value=\"\" \/>\n<\/div>\n<p><label> Meno \u00fa\u010dastn\u00edka (povinn\u00e9)<br \/>\n    <span class=\"wpcf7-form-control-wrap your-name\"><input type=\"text\" name=\"your-name\" value=\"\" size=\"40\" class=\"wpcf7-form-control wpcf7-text wpcf7-validates-as-required\" aria-required=\"true\" aria-invalid=\"false\" \/><\/span> <\/label><\/p>\n<p><label> V\u00e1\u0161 email (povinn\u00e9)<br \/>\n    <span class=\"wpcf7-form-control-wrap your-email\"><input type=\"email\" name=\"your-email\" value=\"\" size=\"40\" class=\"wpcf7-form-control wpcf7-text wpcf7-email wpcf7-validates-as-required wpcf7-validates-as-email\" aria-required=\"true\" aria-invalid=\"false\" \/><\/span> <\/label><\/p>\n<p>Va\u0161e telef\u00f3nne \u010d\u00edslo:<br \/>\n<span class=\"wpcf7-form-control-wrap tel-961\"><input type=\"tel\" name=\"tel-961\" value=\"\" size=\"40\" class=\"wpcf7-form-control wpcf7-text wpcf7-tel wpcf7-validates-as-tel\" aria-invalid=\"false\" \/><\/span><\/p>\n<p>Po\u017eadovan\u00e1 skupina:<br \/>\n <span class=\"wpcf7-form-control-wrap skupina\"><select name=\"skupina\" class=\"wpcf7-form-control wpcf7-select wpcf7-validates-as-required\" aria-required=\"true\" aria-invalid=\"false\"><option value=\"Deti - \u00fapln\u00fd za\u010diato\u010dn\u00edk od 5 do 6 rokov\">Deti - \u00fapln\u00fd za\u010diato\u010dn\u00edk od 5 do 6 rokov<\/option><option value=\"Deti - ostatn\u00e9\">Deti - ostatn\u00e9<\/option><option value=\"Dospel\u00fd - za\u010diato\u010dn\u00edk\">Dospel\u00fd - za\u010diato\u010dn\u00edk<\/option><option value=\"Dospel\u00fd - pokro\u010dil\u00fd\/mierne pokro\u010dil\u00fd\">Dospel\u00fd - pokro\u010dil\u00fd\/mierne pokro\u010dil\u00fd<\/option><\/select><\/span> <\/p>\n<p>D\u00e1tum narodenia (dd.mm.rrrr):<br \/>\n <span class=\"wpcf7-form-control-wrap your-date\"><input type=\"text\" name=\"your-date\" value=\"\" size=\"40\" class=\"wpcf7-form-control wpcf7-text wpcf7-validates-as-required\" aria-required=\"true\" aria-invalid=\"false\" \/><\/span> <\/p>\n<p>Kurz (vstupy s\u00fa prenosn\u00e9 aj na in\u00fa osobu)<br \/>\n<span class=\"wpcf7-form-control-wrap kurz\"><select name=\"kurz\" class=\"wpcf7-form-control wpcf7-select wpcf7-validates-as-required\" aria-required=\"true\" aria-invalid=\"false\"><option value=\"Kurz I: 16:30 - 17:30 (sobota od 4.10 - 4x)\">Kurz I: 16:30 - 17:30 (sobota od 4.10 - 4x)<\/option><\/select><\/span><\/p>\n<p>Po\u017ei\u010danie nabr\u00fasen\u00fdch kor\u010d\u00fa\u013e (detsk\u00e9 ve\u013ek. 29-38 - 15\u20ac\/kurz)<br \/>\n<span class=\"wpcf7-form-control-wrap Korcule\"><span class=\"wpcf7-form-control wpcf7-checkbox\"><span class=\"wpcf7-list-item first last\"><input type=\"checkbox\" name=\"Korcule[]\" value=\"\u00c1no - do pozn\u00e1mky ve\u013ekos\u0165\" \/><span class=\"wpcf7-list-item-label\">\u00c1no - do pozn\u00e1mky ve\u013ekos\u0165<\/span><\/span><\/span><\/span><\/p>\n<p>Po\u017ei\u010danie prilby (10\u20ac\/kurz)<br \/>\n<span class=\"wpcf7-form-control-wrap Prilba\"><span class=\"wpcf7-form-control wpcf7-checkbox\"><span class=\"wpcf7-list-item first last\"><input type=\"checkbox\" name=\"Prilba[]\" value=\"\u00c1no\" \/><span class=\"wpcf7-list-item-label\">\u00c1no<\/span><\/span><\/span><\/span><\/p>\n<p><label> Pozn\u00e1mky<br \/>\n    <span class=\"wpcf7-form-control-wrap your-message\"><textarea name=\"your-message\" cols=\"40\" rows=\"10\" class=\"wpcf7-form-control wpcf7-textarea\" aria-invalid=\"false\"><\/textarea><\/span> <\/label><\/p>\n<p>Odkia\u013e ste sa o n\u00e1s dozvedeli<br \/>\n<span class=\"wpcf7-form-control-wrap menu-692\"><select name=\"menu-692\" class=\"wpcf7-form-control wpcf7-select\" aria-invalid=\"false\"><option value=\"-\">-<\/option><option value=\"U\u017e ste u n\u00e1s boli\">U\u017e ste u n\u00e1s boli<\/option><option value=\"Facebook\">Facebook<\/option><option value=\"Google vyh\u013ead\u00e1vanie\">Google vyh\u013ead\u00e1vanie<\/option><option value=\"Let\u00e1k\">Let\u00e1k<\/option><option value=\"\u0160kola\">\u0160kola<\/option><option value=\"Od zn\u00e1mych\">Od zn\u00e1mych<\/option><option value=\"Email\">Email<\/option><option value=\"In\u00e9\">In\u00e9<\/option><\/select><\/span><\/p>\n<p>S\u00fahlas\u00edm so <a href=\"http:\/\/sportovkovo.sk\/obchodne-podmienky\" target=\"_blank\">V\u0161eobecn\u00fdmi podmienkami<\/a> a <a href=\"http:\/\/www.sportovkovo.sk\/ochrana-osobnych-udajov\/\" target=\"_blank\">spracovan\u00edm osobn\u00fdch \u00fadajov<\/a> pod\u013ea eur\u00f3pskej smernice \u010d. 2016\/679:<br \/>\n<span class=\"wpcf7-form-control-wrap checkbox-210\"><span class=\"wpcf7-form-control wpcf7-checkbox wpcf7-validates-as-required\"><span class=\"wpcf7-list-item first last\"><input type=\"checkbox\" name=\"checkbox-210[]\" value=\"\u00e1no\" \/><span class=\"wpcf7-list-item-label\">\u00e1no<\/span><\/span><\/span><\/span><\/p>\n<p><input type=\"submit\" value=\"Odo\u0161li\" class=\"wpcf7-form-control has-spinner wpcf7-submit\" \/><\/p>\n<div class=\"wpcf7-response-output\" aria-hidden=\"true\"><\/div><\/form><\/div>[\/et_pb_code][\/et_pb_column][\/et_pb_row][\/et_pb_section]<\/p>\n","protected":false},"excerpt":{"rendered":"<p>[et_pb_section fb_built=&#8221;1&#8243; disabled_on=&#8221;on|on|on&#8221; _builder_version=&#8221;4.4.1&#8243; custom_padding=&#8221;||2px|||&#8221; disabled=&#8221;on&#8221;][et_pb_row disabled_on=&#8221;off|off|off&#8221; _builder_version=&#8221;4.4.1&#8243; background_size=&#8221;initial&#8221; background_position=&#8221;top_left&#8221; background_repeat=&#8221;repeat&#8221;][et_pb_column type=&#8221;4_4&#8243; _builder_version=&#8221;3.25&#8243; custom_padding=&#8221;|||&#8221; custom_padding__hover=&#8221;|||&#8221;][et_pb_text disabled_on=&#8221;on|on|on&#8221; _builder_version=&#8221;4.4.1&#8243; disabled=&#8221;on&#8221;] Ahojte! Sme radi, \u017ee ste prejavili z\u00e1ujem o na\u0161e kurzy kor\u010du\u013eovania na \u013eade. Moment\u00e1lne e\u0161te nem\u00e1me zverejnen\u00fd \u017eiadny kurz av\u0161ak ak chcete by\u0165 v\u010das informovan\u00fd a prihl\u00e1si\u0165 sa v\u010das na na\u0161e kurzy, po\u0161lite n\u00e1m email na info@sportovkovo.sk\u00a0a [&hellip;]<\/p>\n","protected":false},"author":1,"featured_media":0,"parent":0,"menu_order":0,"comment_status":"closed","ping_status":"closed","template":"","meta":{"_et_pb_use_builder":"on","_et_pb_old_content":"","_et_gb_content_width":"","_exactmetrics_skip_tracking":false,"_exactmetrics_sitenote_active":false,"_exactmetrics_sitenote_note":"","_exactmetrics_sitenote_category":0},"aioseo_notices":[],"_links":{"self":[{"href":"https:\/\/www.sportovkovo.sk\/kurzy-korculovania\/wp-json\/wp\/v2\/pages\/764"}],"collection":[{"href":"https:\/\/www.sportovkovo.sk\/kurzy-korculovania\/wp-json\/wp\/v2\/pages"}],"about":[{"href":"https:\/\/www.sportovkovo.sk\/kurzy-korculovania\/wp-json\/wp\/v2\/types\/page"}],"author":[{"embeddable":true,"href":"https:\/\/www.sportovkovo.sk\/kurzy-korculovania\/wp-json\/wp\/v2\/users\/1"}],"replies":[{"embeddable":true,"href":"https:\/\/www.sportovkovo.sk\/kurzy-korculovania\/wp-json\/wp\/v2\/comments?post=764"}],"version-history":[{"count":166,"href":"https:\/\/www.sportovkovo.sk\/kurzy-korculovania\/wp-json\/wp\/v2\/pages\/764\/revisions"}],"predecessor-version":[{"id":7134,"href":"https:\/\/www.sportovkovo.sk\/kurzy-korculovania\/wp-json\/wp\/v2\/pages\/764\/revisions\/7134"}],"wp:attachment":[{"href":"https:\/\/www.sportovkovo.sk\/kurzy-korculovania\/wp-json\/wp\/v2\/media?parent=764"}],"curies":[{"name":"wp","href":"https:\/\/api.w.org\/{rel}","templated":true}]}}