{"id":2614,"date":"2024-04-23T12:13:41","date_gmt":"2024-04-23T10:13:41","guid":{"rendered":"https:\/\/www.sportovkovo.sk\/kurzy-korculovania\/?page_id=2614"},"modified":"2024-08-26T11:08:39","modified_gmt":"2024-08-26T09:08:39","slug":"kurzy-inline-korculovanie","status":"publish","type":"page","link":"https:\/\/www.sportovkovo.sk\/kurzy-korculovania\/kurzy-inline-korculovanie\/","title":{"rendered":"Kurzy Inline Kor\u010du\u013eovanie"},"content":{"rendered":"<p>[et_pb_section fb_built=&#8221;1&#8243; _builder_version=&#8221;3.22&#8243; custom_padding=&#8221;||2px|||&#8221;][et_pb_row disabled_on=&#8221;on|on|on&#8221; _builder_version=&#8221;4.4.1&#8243; background_size=&#8221;initial&#8221; background_position=&#8221;top_left&#8221; background_repeat=&#8221;repeat&#8221; disabled=&#8221;on&#8221;][et_pb_column type=&#8221;4_4&#8243; _builder_version=&#8221;3.25&#8243; custom_padding=&#8221;|||&#8221; custom_padding__hover=&#8221;|||&#8221;][et_pb_text _builder_version=&#8221;4.4.1&#8243;]<\/p>\n<p style=\"text-align: center;\">Ahojte!<\/p>\n<p style=\"text-align: center;\">Sme radi, \u017ee ste prejavili z\u00e1ujem o na\u0161e kurzy inline kor\u010du\u013eovania. Moment\u00e1lne nepon\u00fakame \u017eiadny kurz av\u0161ak ak chcete by\u0165 v\u010das informovan\u00fd a prihl\u00e1si\u0165 sa v\u010das na na\u0161e kurzy, po\u0161lite n\u00e1m email na <a href=\"mailto:info@sportovkovo.sk\">info@sportovkovo.sk<\/a>\u00a0a prid\u00e1me V\u00e1s do mailing listu alebo n\u00e1s sledujte na Facebooku na\u00a0<a href=\"https:\/\/www.facebook.com\/sportovkovo\">https:\/\/www.facebook.com\/sportovkovo<\/a><\/p>\n<p style=\"text-align: center;\">Te\u0161\u00edme sa na V\u00e1s!<\/p>\n<p style=\"text-align: center;\">\n<p>[\/et_pb_text][\/et_pb_column][\/et_pb_row][et_pb_row disabled_on=&#8221;off|off|off&#8221; _builder_version=&#8221;4.4.1&#8243; background_size=&#8221;initial&#8221; background_position=&#8221;top_left&#8221; background_repeat=&#8221;repeat&#8221;][et_pb_column type=&#8221;4_4&#8243; _builder_version=&#8221;3.25&#8243; custom_padding=&#8221;|||&#8221; custom_padding__hover=&#8221;|||&#8221;][et_pb_text _builder_version=&#8221;4.4.1&#8243;]<\/p>\n<p style=\"text-align: center;\">Ahojte!<\/p>\n<p style=\"text-align: center;\">Sme radi, \u017ee ste prejavili z\u00e1ujem o na\u0161e kurzy inline kor\u010du\u013eovania. Kurzy s\u00fa ur\u010den\u00e9 pre deti aj dospel\u00fdch a cie\u013eom je zdokonalenie Va\u0161\u00edch kor\u010duliarskych schopnost\u00ed. Tr\u00e9ningy prebiehaj\u00fa v mal\u00fdch skupin\u00e1ch po\u010f veden\u00edm na\u0161\u00edch tr\u00e9nerov, najm\u00e4 hokejstov a to samozrejme najm\u00e4 z\u00e1bavnou formou a mil\u00fdm pr\u00edstupom, aby sme si \u010do najviac v\u0161etci spr\u00edjemnili spolo\u010dn\u00fd \u010das \ud83d\ude09<\/p>\n<p style=\"text-align: center;\"><span style=\"font-size: 14px;\">Te\u0161\u00edme sa na V\u00e1s!<\/span><\/p>\n<p>[\/et_pb_text][\/et_pb_column][\/et_pb_row][\/et_pb_section][et_pb_section fb_built=&#8221;1&#8243; _builder_version=&#8221;4.4.1&#8243;][et_pb_row column_structure=&#8221;1_2,1_2&#8243; _builder_version=&#8221;4.4.1&#8243;][et_pb_column type=&#8221;1_2&#8243; _builder_version=&#8221;4.4.1&#8243;][et_pb_code disabled_on=&#8221;off|off|off&#8221; admin_label=&#8221;K\u00f3d&#8221; _builder_version=&#8221;4.4.1&#8243;]<div role=\"form\" class=\"wpcf7\" id=\"wpcf7-f1015-o1\" lang=\"sk-SK\" dir=\"ltr\">\n<div class=\"screen-reader-response\"><p role=\"status\" aria-live=\"polite\" aria-atomic=\"true\"><\/p> <ul><\/ul><\/div>\n<form action=\"\/kurzy-korculovania\/wp-json\/wp\/v2\/pages\/2614#wpcf7-f1015-o1\" method=\"post\" class=\"wpcf7-form init\" novalidate=\"novalidate\" data-status=\"init\">\n<div style=\"display: none;\">\n<input type=\"hidden\" name=\"_wpcf7\" value=\"1015\" \/>\n<input type=\"hidden\" name=\"_wpcf7_version\" value=\"5.5.6\" \/>\n<input type=\"hidden\" name=\"_wpcf7_locale\" value=\"sk_SK\" \/>\n<input type=\"hidden\" name=\"_wpcf7_unit_tag\" value=\"wpcf7-f1015-o1\" \/>\n<input type=\"hidden\" name=\"_wpcf7_container_post\" value=\"0\" \/>\n<input type=\"hidden\" name=\"_wpcf7_posted_data_hash\" value=\"\" \/>\n<\/div>\n<p><label> Meno \u00fa\u010dastn\u00edka (povinn\u00e9)<br \/>\n    <span class=\"wpcf7-form-control-wrap your-name\"><input type=\"text\" name=\"your-name\" value=\"\" size=\"40\" class=\"wpcf7-form-control wpcf7-text wpcf7-validates-as-required\" aria-required=\"true\" aria-invalid=\"false\" \/><\/span> <\/label><\/p>\n<p><label> V\u00e1\u0161 email (povinn\u00e9)<br \/>\n    <span class=\"wpcf7-form-control-wrap your-email\"><input type=\"email\" name=\"your-email\" value=\"\" size=\"40\" class=\"wpcf7-form-control wpcf7-text wpcf7-email wpcf7-validates-as-required wpcf7-validates-as-email\" aria-required=\"true\" aria-invalid=\"false\" \/><\/span> <\/label><\/p>\n<p>Va\u0161e telef\u00f3nne \u010d\u00edslo:<br \/>\n<span class=\"wpcf7-form-control-wrap tel-961\"><input type=\"tel\" name=\"tel-961\" value=\"\" size=\"40\" class=\"wpcf7-form-control wpcf7-text wpcf7-tel wpcf7-validates-as-tel\" aria-invalid=\"false\" \/><\/span><\/p>\n<p>D\u00e1tum narodenia (dd.mm.rrrr):<br \/>\n <span class=\"wpcf7-form-control-wrap your-date\"><input type=\"text\" name=\"your-date\" value=\"\" size=\"40\" class=\"wpcf7-form-control wpcf7-text wpcf7-validates-as-required\" aria-required=\"true\" aria-invalid=\"false\" \/><\/span> <\/p>\n<p>Kurz (vstupy s\u00fa prenosn\u00e9 aj na in\u00fa osobu)<br \/>\n<span class=\"wpcf7-form-control-wrap kurz\"><select name=\"kurz\" class=\"wpcf7-form-control wpcf7-select wpcf7-validates-as-required\" aria-required=\"true\" aria-invalid=\"false\"><option value=\"INLINE hala Ru\u017einov - ka\u017ed\u00fd pondelok 17:30-18:30 (16.9. - 9.12.2024) - 100 EUR\">INLINE hala Ru\u017einov - ka\u017ed\u00fd pondelok 17:30-18:30 (16.9. - 9.12.2024) - 100 EUR<\/option><\/select><\/span><\/p>\n<p>Po\u017eadovan\u00e1 skupina:<br \/>\n <span class=\"wpcf7-form-control-wrap skupina\"><select name=\"skupina\" class=\"wpcf7-form-control wpcf7-select wpcf7-validates-as-required\" aria-required=\"true\" aria-invalid=\"false\"><option value=\"Deti - \u00fapln\u00fd za\u010diato\u010dn\u00edk od 5 do 6 rokov\">Deti - \u00fapln\u00fd za\u010diato\u010dn\u00edk od 5 do 6 rokov<\/option><option value=\"Deti - ostatn\u00e9\">Deti - ostatn\u00e9<\/option><option value=\"Dospel\u00fd - za\u010diato\u010dn\u00edk\">Dospel\u00fd - za\u010diato\u010dn\u00edk<\/option><option value=\"Dospel\u00fd - pokro\u010dil\u00fd\/mierne pokro\u010dil\u00fd\">Dospel\u00fd - pokro\u010dil\u00fd\/mierne pokro\u010dil\u00fd<\/option><\/select><\/span> <\/p>\n<p><label> Pozn\u00e1mky<br \/>\n    <span class=\"wpcf7-form-control-wrap your-message\"><textarea name=\"your-message\" cols=\"40\" rows=\"10\" class=\"wpcf7-form-control wpcf7-textarea\" aria-invalid=\"false\"><\/textarea><\/span> <\/label><\/p>\n<p>Odkia\u013e ste sa o n\u00e1s dozvedeli<br \/>\n<span class=\"wpcf7-form-control-wrap menu-692\"><select name=\"menu-692\" class=\"wpcf7-form-control wpcf7-select\" aria-invalid=\"false\"><option value=\"-\">-<\/option><option value=\"U\u017e ste u n\u00e1s boli\">U\u017e ste u n\u00e1s boli<\/option><option value=\"Facebook\">Facebook<\/option><option value=\"Google vyh\u013ead\u00e1vanie\">Google vyh\u013ead\u00e1vanie<\/option><option value=\"Let\u00e1k\">Let\u00e1k<\/option><option value=\"\u0160kola\">\u0160kola<\/option><option value=\"Od zn\u00e1mych\">Od zn\u00e1mych<\/option><option value=\"Email\">Email<\/option><option value=\"In\u00e9\">In\u00e9<\/option><\/select><\/span><\/p>\n<p>S\u00fahlas\u00edm so <a href=\"http:\/\/sportovkovo.sk\/obchodne-podmienky\" target=\"_blank\">V\u0161eobecn\u00fdmi podmienkami<\/a> a <a href=\"http:\/\/www.sportovkovo.sk\/ochrana-osobnych-udajov\/\" target=\"_blank\">spracovan\u00edm osobn\u00fdch \u00fadajov<\/a> pod\u013ea eur\u00f3pskej smernice \u010d. 2016\/679:<br \/>\n<span class=\"wpcf7-form-control-wrap checkbox-210\"><span class=\"wpcf7-form-control wpcf7-checkbox wpcf7-validates-as-required\"><span class=\"wpcf7-list-item first last\"><input type=\"checkbox\" name=\"checkbox-210[]\" value=\"\u00e1no\" \/><span class=\"wpcf7-list-item-label\">\u00e1no<\/span><\/span><\/span><\/span><\/p>\n<p><input type=\"submit\" value=\"Odo\u0161li\" class=\"wpcf7-form-control has-spinner wpcf7-submit\" \/><\/p>\n<div class=\"wpcf7-response-output\" aria-hidden=\"true\"><\/div><\/form><\/div>[\/et_pb_code][\/et_pb_column][et_pb_column type=&#8221;1_2&#8243; _builder_version=&#8221;4.4.1&#8243;][et_pb_accordion disabled_on=&#8221;off|off|off&#8221; _builder_version=&#8221;4.4.1&#8243; hover_enabled=&#8221;0&#8243; use_border_color=&#8221;off&#8221; border_color=&#8221;#ffffff&#8221; border_style=&#8221;solid&#8221;][et_pb_accordion_item title=&#8221;16.9. &#8211; 9.12.2024 v Ru\u017einove (pre dospel\u00fdch a deti nad 5 rokov)&#8221; open=&#8221;on&#8221; _builder_version=&#8221;4.4.1&#8243; hover_enabled=&#8221;0&#8243;]<\/p>\n<p><strong style=\"font-size: 14px;\">Kurz I:<\/strong><span style=\"font-size: 14px;\"> Inline hala Ru\u017einov (kryt\u00e1 hala so \u0161pecialn\u00fdm povrchom) &#8211; Ka\u017ed\u00fd Pondelok17:30 \u2013 18:30 (4x)\u00a0&#8211; 100<strong>\u20ac<\/strong><\/span><\/p>\n<div class=\"et_pb_toggle_content clearfix\">\n<p>V pr\u00edpade absencie mo\u017enos\u0165\u00a0 posla\u0165 n\u00e1hradn\u00edka.<\/p>\n<p>Platba pri n\u00e1stupe na kurz. Potrebn\u00e9 kor\u010dule a prilba, doporu\u010den\u00e9 aj ostatn\u00e9 chr\u00e1ni\u010de.<\/p>\n<\/div>\n<p>&nbsp;<\/p>\n<p>[\/et_pb_accordion_item][\/et_pb_accordion][\/et_pb_column][\/et_pb_row][\/et_pb_section]<\/p>\n","protected":false},"excerpt":{"rendered":"<p>[et_pb_section fb_built=&#8221;1&#8243; _builder_version=&#8221;3.22&#8243; custom_padding=&#8221;||2px|||&#8221;][et_pb_row disabled_on=&#8221;on|on|on&#8221; _builder_version=&#8221;4.4.1&#8243; background_size=&#8221;initial&#8221; background_position=&#8221;top_left&#8221; background_repeat=&#8221;repeat&#8221; disabled=&#8221;on&#8221;][et_pb_column type=&#8221;4_4&#8243; _builder_version=&#8221;3.25&#8243; custom_padding=&#8221;|||&#8221; custom_padding__hover=&#8221;|||&#8221;][et_pb_text _builder_version=&#8221;4.4.1&#8243;] Ahojte! Sme radi, \u017ee ste prejavili z\u00e1ujem o na\u0161e kurzy inline kor\u010du\u013eovania. Moment\u00e1lne nepon\u00fakame \u017eiadny kurz av\u0161ak ak chcete by\u0165 v\u010das informovan\u00fd a prihl\u00e1si\u0165 sa v\u010das na na\u0161e kurzy, po\u0161lite n\u00e1m email na info@sportovkovo.sk\u00a0a prid\u00e1me V\u00e1s do mailing listu alebo [&hellip;]<\/p>\n","protected":false},"author":1,"featured_media":0,"parent":0,"menu_order":0,"comment_status":"closed","ping_status":"closed","template":"","meta":{"_et_pb_use_builder":"on","_et_pb_old_content":"","_et_gb_content_width":"","_exactmetrics_skip_tracking":false,"_exactmetrics_sitenote_active":false,"_exactmetrics_sitenote_note":"","_exactmetrics_sitenote_category":0},"aioseo_notices":[],"_links":{"self":[{"href":"https:\/\/www.sportovkovo.sk\/kurzy-korculovania\/wp-json\/wp\/v2\/pages\/2614"}],"collection":[{"href":"https:\/\/www.sportovkovo.sk\/kurzy-korculovania\/wp-json\/wp\/v2\/pages"}],"about":[{"href":"https:\/\/www.sportovkovo.sk\/kurzy-korculovania\/wp-json\/wp\/v2\/types\/page"}],"author":[{"embeddable":true,"href":"https:\/\/www.sportovkovo.sk\/kurzy-korculovania\/wp-json\/wp\/v2\/users\/1"}],"replies":[{"embeddable":true,"href":"https:\/\/www.sportovkovo.sk\/kurzy-korculovania\/wp-json\/wp\/v2\/comments?post=2614"}],"version-history":[{"count":23,"href":"https:\/\/www.sportovkovo.sk\/kurzy-korculovania\/wp-json\/wp\/v2\/pages\/2614\/revisions"}],"predecessor-version":[{"id":2957,"href":"https:\/\/www.sportovkovo.sk\/kurzy-korculovania\/wp-json\/wp\/v2\/pages\/2614\/revisions\/2957"}],"wp:attachment":[{"href":"https:\/\/www.sportovkovo.sk\/kurzy-korculovania\/wp-json\/wp\/v2\/media?parent=2614"}],"curies":[{"name":"wp","href":"https:\/\/api.w.org\/{rel}","templated":true}]}}